{"id":2180,"date":"2019-09-08T05:52:40","date_gmt":"2019-09-08T05:52:40","guid":{"rendered":"http:\/\/demo.themewinter.com\/wp\/instive\/?page_id=2180"},"modified":"2025-02-20T13:34:45","modified_gmt":"2025-02-20T13:34:45","slug":"about","status":"publish","type":"page","link":"https:\/\/blumseguros.com\/es\/about\/","title":{"rendered":"About"},"content":{"rendered":"<div data-elementor-type=\"wp-page\" data-elementor-id=\"2180\" class=\"elementor elementor-2180\">\n\t\t\t\t\t\t<section class=\"elementor-section elementor-top-section elementor-element elementor-element-546220c elementor-section-boxed elementor-section-height-default elementor-section-height-default\" data-id=\"546220c\" data-element_type=\"section\">\n\t\t\t\t\t\t<div class=\"elementor-container elementor-column-gap-default\">\n\t\t\t\t\t<div class=\"elementor-column elementor-col-100 elementor-top-column elementor-element elementor-element-d238f05\" data-id=\"d238f05\" data-element_type=\"column\">\n\t\t\t<div class=\"elementor-widget-wrap elementor-element-populated\">\n\t\t\t\t\t\t<div class=\"elementor-element elementor-element-8050cc1 elementor-widget elementor-widget-elementskit-heading\" data-id=\"8050cc1\" data-element_type=\"widget\" data-settings=\"{&quot;ekit_we_effect_on&quot;:&quot;none&quot;}\" data-widget_type=\"elementskit-heading.default\">\n\t\t\t\t<div class=\"elementor-widget-container\">\n\t\t\t\t\t<div class=\"ekit-wid-con\" ><div class=\"ekit-heading elementskit-section-title-wraper text_center   ekit_heading_tablet-   ekit_heading_mobile-\"><div class=\"ekit_heading_separetor_wraper ekit_heading_elementskit-border-divider elementskit-style-long\"><div class=\"elementskit-border-divider elementskit-style-long\"><\/div><\/div><h2 class=\"ekit-heading--title elementskit-section-title\">Blum Seguros naci\u00f3 en el 2019 con la obtenci\u00f3n de la licencia de Corredor de Seguros PF de la fundadora de Blum Seguros Elena Gherasimciuc<\/h2><\/div><\/div>\t\t\t\t<\/div>\n\t\t\t\t<\/div>\n\t\t\t\t<section class=\"elementor-section elementor-inner-section elementor-element elementor-element-379dffd elementor-section-boxed elementor-section-height-default elementor-section-height-default\" data-id=\"379dffd\" data-element_type=\"section\">\n\t\t\t\t\t\t<div class=\"elementor-container elementor-column-gap-default\">\n\t\t\t\t\t<div class=\"elementor-column elementor-col-50 elementor-inner-column elementor-element elementor-element-c34cd9e\" data-id=\"c34cd9e\" data-element_type=\"column\">\n\t\t\t<div class=\"elementor-widget-wrap elementor-element-populated\">\n\t\t\t\t\t\t<div class=\"elementor-element elementor-element-c942cdb elementor-widget elementor-widget-text-editor\" data-id=\"c942cdb\" data-element_type=\"widget\" data-settings=\"{&quot;ekit_we_effect_on&quot;:&quot;none&quot;}\" data-widget_type=\"text-editor.default\">\n\t\t\t\t<div class=\"elementor-widget-container\">\n\t\t\t\t\t\t\t\t\t<p>Actualmente trabajamos con m\u00e1s de 10 compa\u00f1\u00edas aseguradoras de todos los \u00e1mbitos del seguro destacando el seguro de veh\u00edculos, salud y hogar tanto para el cliente nacional como el internacional. Blum Seguros cuenta con el soporte de la Asociaci\u00f3n Newcorred y destaca en poder ofrecer sus servicios de asesoramiento en m\u00e1s de 5 idiomas.<\/p>\t\t\t\t\t\t\t\t<\/div>\n\t\t\t\t<\/div>\n\t\t\t\t\t<\/div>\n\t\t<\/div>\n\t\t\t\t<div class=\"elementor-column elementor-col-50 elementor-inner-column elementor-element elementor-element-d273ca4\" data-id=\"d273ca4\" data-element_type=\"column\">\n\t\t\t<div class=\"elementor-widget-wrap elementor-element-populated\">\n\t\t\t\t\t\t<div class=\"elementor-element elementor-element-1736198 shadow elementor-widget elementor-widget-image\" data-id=\"1736198\" data-element_type=\"widget\" data-settings=\"{&quot;ekit_we_effect_on&quot;:&quot;none&quot;}\" data-widget_type=\"image.default\">\n\t\t\t\t<div class=\"elementor-widget-container\">\n\t\t\t\t\t\t\t\t\t\t\t\t\t\t\t<img fetchpriority=\"high\" decoding=\"async\" width=\"1708\" height=\"2560\" src=\"https:\/\/blumseguros.com\/wp-content\/uploads\/2025\/01\/y_-56-1-scaled.jpg\" class=\"attachment-full size-full wp-image-8455\" alt=\"\" srcset=\"https:\/\/blumseguros.com\/wp-content\/uploads\/2025\/01\/y_-56-1-scaled.jpg 1708w, https:\/\/blumseguros.com\/wp-content\/uploads\/2025\/01\/y_-56-1-200x300.jpg 200w, https:\/\/blumseguros.com\/wp-content\/uploads\/2025\/01\/y_-56-1-683x1024.jpg 683w, https:\/\/blumseguros.com\/wp-content\/uploads\/2025\/01\/y_-56-1-768x1151.jpg 768w, https:\/\/blumseguros.com\/wp-content\/uploads\/2025\/01\/y_-56-1-1025x1536.jpg 1025w, https:\/\/blumseguros.com\/wp-content\/uploads\/2025\/01\/y_-56-1-1367x2048.jpg 1367w\" sizes=\"(max-width: 1708px) 100vw, 1708px\" \/>\t\t\t\t\t\t\t\t\t\t\t\t\t\t\t<\/div>\n\t\t\t\t<\/div>\n\t\t\t\t<div class=\"elementor-element elementor-element-58db5cb elementor-widget elementor-widget-elementskit-heading\" data-id=\"58db5cb\" data-element_type=\"widget\" data-settings=\"{&quot;ekit_we_effect_on&quot;:&quot;none&quot;}\" data-widget_type=\"elementskit-heading.default\">\n\t\t\t\t<div class=\"elementor-widget-container\">\n\t\t\t\t\t<div class=\"ekit-wid-con\" ><div class=\"ekit-heading elementskit-section-title-wraper text_left   ekit_heading_tablet-   ekit_heading_mobile-\"><h2 class=\"ekit-heading--title elementskit-section-title\">Elena Gherasimciuc<\/h2>\t\t\t\t<div class='ekit-heading__description'>\n\t\t\t\t\t<p>Corredora de seguros<br \/>Licencia F3095<\/p>\n\t\t\t\t<\/div>\n\t\t\t<\/div><\/div>\t\t\t\t<\/div>\n\t\t\t\t<\/div>\n\t\t\t\t\t<\/div>\n\t\t<\/div>\n\t\t\t\t\t<\/div>\n\t\t<\/section>\n\t\t\t\t\t<\/div>\n\t\t<\/div>\n\t\t\t\t\t<\/div>\n\t\t<\/section>\n\t\t\t\t<section class=\"elementor-section elementor-top-section elementor-element elementor-element-c96fd32 cta elementor-section-boxed elementor-section-height-default elementor-section-height-default\" data-id=\"c96fd32\" data-element_type=\"section\">\n\t\t\t\t\t\t<div class=\"elementor-container elementor-column-gap-default\">\n\t\t\t\t\t<div class=\"elementor-column elementor-col-100 elementor-top-column elementor-element elementor-element-882a1f7\" data-id=\"882a1f7\" data-element_type=\"column\" data-settings=\"{&quot;background_background&quot;:&quot;classic&quot;}\">\n\t\t\t<div class=\"elementor-widget-wrap elementor-element-populated\">\n\t\t\t\t\t<div class=\"elementor-background-overlay\"><\/div>\n\t\t\t\t\t\t<section class=\"elementor-section elementor-inner-section elementor-element elementor-element-e0c2b94 elementor-section-boxed elementor-section-height-default elementor-section-height-default\" data-id=\"e0c2b94\" data-element_type=\"section\">\n\t\t\t\t\t\t<div class=\"elementor-container elementor-column-gap-default\">\n\t\t\t\t\t<div class=\"elementor-column elementor-col-50 elementor-inner-column elementor-element elementor-element-061ad4d\" data-id=\"061ad4d\" data-element_type=\"column\">\n\t\t\t<div class=\"elementor-widget-wrap elementor-element-populated\">\n\t\t\t\t\t\t<div class=\"elementor-element elementor-element-213d6b8 elementor-widget elementor-widget-text-editor\" data-id=\"213d6b8\" data-element_type=\"widget\" data-settings=\"{&quot;ekit_we_effect_on&quot;:&quot;none&quot;}\" data-widget_type=\"text-editor.default\">\n\t\t\t\t<div class=\"elementor-widget-container\">\n\t\t\t\t\t\t\t\t\t<strong style=\"color: #fff;\">Curious to know more about our company?<\/strong> Have a look on here&#8230;\t\t\t\t\t\t\t\t<\/div>\n\t\t\t\t<\/div>\n\t\t\t\t\t<\/div>\n\t\t<\/div>\n\t\t\t\t<div class=\"elementor-column elementor-col-50 elementor-inner-column elementor-element elementor-element-224f000\" data-id=\"224f000\" data-element_type=\"column\">\n\t\t\t<div class=\"elementor-widget-wrap elementor-element-populated\">\n\t\t\t\t\t\t<div class=\"elementor-element elementor-element-51cb5ea elementor-align-right elementor-align--mobilecenter elementor-align--tabletcenter elementor-widget elementor-widget-elementskit-button\" data-id=\"51cb5ea\" data-element_type=\"widget\" data-settings=\"{&quot;ekit_we_effect_on&quot;:&quot;none&quot;}\" data-widget_type=\"elementskit-button.default\">\n\t\t\t\t<div class=\"elementor-widget-container\">\n\t\t\t\t\t<div class=\"ekit-wid-con\" >\t\t<div class=\"ekit-btn-wraper\">\n\t\t\t\t\t\t\t<a href=\"#\" class=\"elementskit-btn  whitespace--normal\" id=\"\">\n\t\t\t\t\tDownload Brochure\t\t\t\t<\/a>\n\t\t\t\t\t<\/div>\n        <\/div>\t\t\t\t<\/div>\n\t\t\t\t<\/div>\n\t\t\t\t\t<\/div>\n\t\t<\/div>\n\t\t\t\t\t<\/div>\n\t\t<\/section>\n\t\t\t\t\t<\/div>\n\t\t<\/div>\n\t\t\t\t\t<\/div>\n\t\t<\/section>\n\t\t\t\t<section class=\"elementor-section elementor-inner-section elementor-element elementor-element-afc5395 elementor-section-content-middle mobile-left elementor-section-boxed elementor-section-height-default elementor-section-height-default\" data-id=\"afc5395\" data-element_type=\"section\">\n\t\t\t\t\t\t<div class=\"elementor-container elementor-column-gap-no\">\n\t\t\t\t\t<div class=\"elementor-column elementor-col-50 elementor-inner-column elementor-element elementor-element-adf2d34\" data-id=\"adf2d34\" data-element_type=\"column\">\n\t\t\t<div class=\"elementor-widget-wrap elementor-element-populated\">\n\t\t\t\t\t\t<div class=\"elementor-element elementor-element-8f3e231 elementor-widget elementor-widget-elementskit-heading\" data-id=\"8f3e231\" data-element_type=\"widget\" data-settings=\"{&quot;ekit_we_effect_on&quot;:&quot;none&quot;}\" data-widget_type=\"elementskit-heading.default\">\n\t\t\t\t<div class=\"elementor-widget-container\">\n\t\t\t\t\t<div class=\"ekit-wid-con\" ><div class=\"ekit-heading elementskit-section-title-wraper text_right   ekit_heading_tablet-   ekit_heading_mobile-\"><h2 class=\"ekit-heading--title elementskit-section-title\">protecting you  is our business<\/h2><div class=\"ekit_heading_separetor_wraper ekit_heading_elementskit-border-divider elementskit-style-long\"><div class=\"elementskit-border-divider elementskit-style-long\"><\/div><\/div><\/div><\/div>\t\t\t\t<\/div>\n\t\t\t\t<\/div>\n\t\t\t\t\t<\/div>\n\t\t<\/div>\n\t\t\t\t<div class=\"elementor-column elementor-col-50 elementor-inner-column elementor-element elementor-element-e3dfbd8\" data-id=\"e3dfbd8\" data-element_type=\"column\">\n\t\t\t<div class=\"elementor-widget-wrap elementor-element-populated\">\n\t\t\t\t\t\t<div class=\"elementor-element elementor-element-89943fc elementor-widget elementor-widget-elementskit-heading\" data-id=\"89943fc\" data-element_type=\"widget\" data-settings=\"{&quot;ekit_we_effect_on&quot;:&quot;none&quot;}\" data-widget_type=\"elementskit-heading.default\">\n\t\t\t\t<div class=\"elementor-widget-container\">\n\t\t\t\t\t<div class=\"ekit-wid-con\" ><div class=\"ekit-heading elementskit-section-title-wraper text_left   ekit_heading_tablet-   ekit_heading_mobile-\">\t\t\t\t<div class='ekit-heading__description'>\n\t\t\t\t\t<p>Since 1914, the New York Mutual Insurance Company has been serving policyholders \u2013 protecting businesses, mitigating losses, defending claims<\/p>\n\t\t\t\t<\/div>\n\t\t\t<\/div><\/div>\t\t\t\t<\/div>\n\t\t\t\t<\/div>\n\t\t\t\t\t<\/div>\n\t\t<\/div>\n\t\t\t\t\t<\/div>\n\t\t<\/section>\n\t\t\t\t<section class=\"elementor-section elementor-top-section elementor-element elementor-element-4ec255b elementor-section-boxed elementor-section-height-default elementor-section-height-default\" data-id=\"4ec255b\" data-element_type=\"section\">\n\t\t\t\t\t\t<div class=\"elementor-container elementor-column-gap-default\">\n\t\t\t\t\t<div class=\"elementor-column elementor-col-100 elementor-top-column elementor-element elementor-element-7ad9645\" data-id=\"7ad9645\" data-element_type=\"column\">\n\t\t\t<div class=\"elementor-widget-wrap elementor-element-populated\">\n\t\t\t\t\t\t<section class=\"elementor-section elementor-inner-section elementor-element elementor-element-2d72823 elementor-section-boxed elementor-section-height-default elementor-section-height-default\" data-id=\"2d72823\" data-element_type=\"section\">\n\t\t\t\t\t\t<div class=\"elementor-container elementor-column-gap-default\">\n\t\t\t\t\t<div class=\"elementor-column elementor-col-50 elementor-inner-column elementor-element elementor-element-febe2b5\" data-id=\"febe2b5\" data-element_type=\"column\">\n\t\t\t<div class=\"elementor-widget-wrap elementor-element-populated\">\n\t\t\t\t\t\t<div class=\"elementor-element elementor-element-8b2b24b elementor-widget elementor-widget-instive-insurance\" data-id=\"8b2b24b\" data-element_type=\"widget\" data-settings=\"{&quot;ekit_we_effect_on&quot;:&quot;none&quot;}\" data-widget_type=\"instive-insurance.default\">\n\t\t\t\t<div class=\"elementor-widget-container\">\n\t\t\t\t\t\n\t\t\t\t\t\t\t\t<div class=\"ts-feature-box style2\">\n\t\t\t\t<h3 class=\"ts-title md\">\n\t\t\t\t\t<a href=\"https:\/\/blumseguros.com\/es\/service\/life-insurance\/\"> Seguro de vida <\/a>\n\t\t\t\t<\/h3>\n\t\t\t\t<div class=\"media\">\n\t\t\t\t\t\t\t\t\t\t\t<div class=\"feature-icon d-flex\">\n\t\t\t\t\t\t\t<img decoding=\"async\" width=\"71\" height=\"70\" src=\"https:\/\/blumseguros.com\/wp-content\/uploads\/2019\/08\/feature_icon2.png\" class=\"attachment-full size-full wp-post-image\" alt=\"\" \/>\t\t\t\t\t\t<\/div>\n\t\t\t\t\t\t\t\t\t\t<div class=\"media-body\">\n\t\t\t\t\t\t<p>\n\t\t\t\t\t\t\tLife insurance takes care of your loved ones and your assets as if you were taking care of them yourself.\t\t\t\t\t\t<\/p>\n\t\t\t\t\t\t\t\t\t\t\t\t\t<a href=\"https:\/\/blumseguros.com\/es\/service\/life-insurance\/\"\n\t\t\t\t\t\t\t\tclass=\"btn-link readmore\"> read more <\/a>\n\t\t\t\t\t\t\t\t\t\t\t<\/div>\n\t\t\t\t<\/div>\n\t\t\t<\/div>\n\t\t\n\t\t\n\t\t\n\t\t\t\t<\/div>\n\t\t\t\t<\/div>\n\t\t\t\t\t<\/div>\n\t\t<\/div>\n\t\t\t\t<div class=\"elementor-column elementor-col-50 elementor-inner-column elementor-element elementor-element-bda4119\" data-id=\"bda4119\" data-element_type=\"column\">\n\t\t\t<div class=\"elementor-widget-wrap elementor-element-populated\">\n\t\t\t\t\t\t<div class=\"elementor-element elementor-element-68c3beb elementor-widget elementor-widget-instive-insurance\" data-id=\"68c3beb\" data-element_type=\"widget\" data-settings=\"{&quot;ekit_we_effect_on&quot;:&quot;none&quot;}\" data-widget_type=\"instive-insurance.default\">\n\t\t\t\t<div class=\"elementor-widget-container\">\n\t\t\t\t\t\n\t\t\t\t\t\t\t\t<div class=\"ts-feature-box style2\">\n\t\t\t\t<h3 class=\"ts-title md\">\n\t\t\t\t\t<a href=\"https:\/\/blumseguros.com\/es\/service\/car-insurance\/\"> Seguro de coche <\/a>\n\t\t\t\t<\/h3>\n\t\t\t\t<div class=\"media\">\n\t\t\t\t\t\t\t\t\t\t\t<div class=\"feature-icon d-flex\">\n\t\t\t\t\t\t\t<img decoding=\"async\" width=\"70\" height=\"58\" src=\"https:\/\/blumseguros.com\/wp-content\/uploads\/2019\/08\/service_icon1.png\" class=\"attachment-full size-full wp-post-image\" alt=\"\" \/>\t\t\t\t\t\t<\/div>\n\t\t\t\t\t\t\t\t\t\t<div class=\"media-body\">\n\t\t\t\t\t\t<p>\n\t\t\t\t\t\t\tFrom the data provided, we will make the pricing of your car or motorcycle insurance and offer you the best\t\t\t\t\t\t<\/p>\n\t\t\t\t\t\t\t\t\t\t\t\t\t<a href=\"https:\/\/blumseguros.com\/es\/service\/car-insurance\/\"\n\t\t\t\t\t\t\t\tclass=\"btn-link readmore\"> Read more <\/a>\n\t\t\t\t\t\t\t\t\t\t\t<\/div>\n\t\t\t\t<\/div>\n\t\t\t<\/div>\n\t\t\n\t\t\n\t\t\n\t\t\t\t<\/div>\n\t\t\t\t<\/div>\n\t\t\t\t\t<\/div>\n\t\t<\/div>\n\t\t\t\t\t<\/div>\n\t\t<\/section>\n\t\t\t\t<section class=\"elementor-section elementor-inner-section elementor-element elementor-element-6e1c277 elementor-section-boxed elementor-section-height-default elementor-section-height-default\" data-id=\"6e1c277\" data-element_type=\"section\">\n\t\t\t\t\t\t<div class=\"elementor-container elementor-column-gap-default\">\n\t\t\t\t\t<div class=\"elementor-column elementor-col-50 elementor-inner-column elementor-element elementor-element-e93ec3d\" data-id=\"e93ec3d\" data-element_type=\"column\">\n\t\t\t<div class=\"elementor-widget-wrap elementor-element-populated\">\n\t\t\t\t\t\t<div class=\"elementor-element elementor-element-b7fe846 elementor-widget elementor-widget-instive-insurance\" data-id=\"b7fe846\" data-element_type=\"widget\" data-settings=\"{&quot;ekit_we_effect_on&quot;:&quot;none&quot;}\" data-widget_type=\"instive-insurance.default\">\n\t\t\t\t<div class=\"elementor-widget-container\">\n\t\t\t\t\t\n\t\t\t\t\t\t\t\t<div class=\"ts-feature-box style2\">\n\t\t\t\t<h3 class=\"ts-title md\">\n\t\t\t\t\t<a href=\"https:\/\/blumseguros.com\/es\/service\/health-insurance\/\"> Seguro de salud <\/a>\n\t\t\t\t<\/h3>\n\t\t\t\t<div class=\"media\">\n\t\t\t\t\t\t\t\t\t\t\t<div class=\"feature-icon d-flex\">\n\t\t\t\t\t\t\t<img loading=\"lazy\" decoding=\"async\" width=\"70\" height=\"70\" src=\"https:\/\/blumseguros.com\/wp-content\/uploads\/2019\/08\/service_icon3.png\" class=\"attachment-full size-full wp-post-image\" alt=\"\" \/>\t\t\t\t\t\t<\/div>\n\t\t\t\t\t\t\t\t\t\t<div class=\"media-body\">\n\t\t\t\t\t\t<p>\n\t\t\t\t\t\t\tWe will look for the best health insurance coverage according to your needs. All you have to do is provide\t\t\t\t\t\t<\/p>\n\t\t\t\t\t\t\t\t\t\t\t\t\t<a href=\"https:\/\/blumseguros.com\/es\/service\/health-insurance\/\"\n\t\t\t\t\t\t\t\tclass=\"btn-link readmore\"> read more <\/a>\n\t\t\t\t\t\t\t\t\t\t\t<\/div>\n\t\t\t\t<\/div>\n\t\t\t<\/div>\n\t\t\n\t\t\n\t\t\n\t\t\t\t<\/div>\n\t\t\t\t<\/div>\n\t\t\t\t\t<\/div>\n\t\t<\/div>\n\t\t\t\t<div class=\"elementor-column elementor-col-50 elementor-inner-column elementor-element elementor-element-161d7e9\" data-id=\"161d7e9\" data-element_type=\"column\">\n\t\t\t<div class=\"elementor-widget-wrap elementor-element-populated\">\n\t\t\t\t\t\t<div class=\"elementor-element elementor-element-401bf1c elementor-widget elementor-widget-instive-insurance\" data-id=\"401bf1c\" data-element_type=\"widget\" data-settings=\"{&quot;ekit_we_effect_on&quot;:&quot;none&quot;}\" data-widget_type=\"instive-insurance.default\">\n\t\t\t\t<div class=\"elementor-widget-container\">\n\t\t\t\t\t\n\t\t\t\t\t\t\t\t<div class=\"ts-feature-box style2\">\n\t\t\t\t<h3 class=\"ts-title md\">\n\t\t\t\t\t<a href=\"https:\/\/blumseguros.com\/es\/service\/home-insurance\/\"> Seguro de hogar <\/a>\n\t\t\t\t<\/h3>\n\t\t\t\t<div class=\"media\">\n\t\t\t\t\t\t\t\t\t\t\t<div class=\"feature-icon d-flex\">\n\t\t\t\t\t\t\t<img loading=\"lazy\" decoding=\"async\" width=\"71\" height=\"70\" src=\"https:\/\/blumseguros.com\/wp-content\/uploads\/2019\/08\/service_icon4.png\" class=\"attachment-full size-full wp-post-image\" alt=\"\" \/>\t\t\t\t\t\t<\/div>\n\t\t\t\t\t\t\t\t\t\t<div class=\"media-body\">\n\t\t\t\t\t\t<p>\n\t\t\t\t\t\t\tYa sea su vivienda principal o secundaria, el seguro de hogar es absolutamente esencial.\t\t\t\t\t\t<\/p>\n\t\t\t\t\t\t\t\t\t\t\t\t\t<a href=\"https:\/\/blumseguros.com\/es\/service\/home-insurance\/\"\n\t\t\t\t\t\t\t\tclass=\"btn-link readmore\"> Read more <\/a>\n\t\t\t\t\t\t\t\t\t\t\t<\/div>\n\t\t\t\t<\/div>\n\t\t\t<\/div>\n\t\t\n\t\t\n\t\t\n\t\t\t\t<\/div>\n\t\t\t\t<\/div>\n\t\t\t\t\t<\/div>\n\t\t<\/div>\n\t\t\t\t\t<\/div>\n\t\t<\/section>\n\t\t\t\t\t<\/div>\n\t\t<\/div>\n\t\t\t\t\t<\/div>\n\t\t<\/section>\n\t\t\t\t<\/div>","protected":false},"excerpt":{"rendered":"<p>Blum Seguros naci\u00f3 en el 2019 con la obtenci\u00f3n de la licencia de Corredor de Seguros PF de la fundadora de Blum Seguros Elena Gherasimciuc Actualmente trabajamos con m\u00e1s de 10 compa\u00f1\u00edas aseguradoras de todos los \u00e1mbitos del seguro destacando el seguro de veh\u00edculos, salud y hogar tanto para el cliente nacional como el internacional. Blum Seguros cuenta con el soporte de la Asociaci\u00f3n Newcorred y destaca en poder ofrecer sus servicios de asesoramiento en m\u00e1s de 5 idiomas. Elena Gherasimciuc Corredora de segurosLicencia F3095 Curious to know more about our company? Have a look on here&#8230; Download Brochure protecting you is our business Since 1914, the New York Mutual Insurance Company has been serving policyholders \u2013 protecting businesses, mitigating losses, defending claims Seguro de vida Los seguros de vida cuidan de los tuyos y de tu patrimonio como si lo hicieras t\u00fa mismo. Consigue la read more Seguro de [&hellip;]<\/p>","protected":false},"author":2,"featured_media":0,"parent":0,"menu_order":0,"comment_status":"closed","ping_status":"closed","template":"template\/full-width-template.php","meta":{"footnotes":""},"class_list":["post-2180","page","type-page","status-publish","hentry"],"_links":{"self":[{"href":"https:\/\/blumseguros.com\/es\/wp-json\/wp\/v2\/pages\/2180","targetHints":{"allow":["GET"]}}],"collection":[{"href":"https:\/\/blumseguros.com\/es\/wp-json\/wp\/v2\/pages"}],"about":[{"href":"https:\/\/blumseguros.com\/es\/wp-json\/wp\/v2\/types\/page"}],"author":[{"embeddable":true,"href":"https:\/\/blumseguros.com\/es\/wp-json\/wp\/v2\/users\/2"}],"replies":[{"embeddable":true,"href":"https:\/\/blumseguros.com\/es\/wp-json\/wp\/v2\/comments?post=2180"}],"version-history":[{"count":9,"href":"https:\/\/blumseguros.com\/es\/wp-json\/wp\/v2\/pages\/2180\/revisions"}],"predecessor-version":[{"id":8562,"href":"https:\/\/blumseguros.com\/es\/wp-json\/wp\/v2\/pages\/2180\/revisions\/8562"}],"wp:attachment":[{"href":"https:\/\/blumseguros.com\/es\/wp-json\/wp\/v2\/media?parent=2180"}],"curies":[{"name":"wp","href":"https:\/\/api.w.org\/{rel}","templated":true}]}}